{"id":156,"date":"2022-04-07T07:40:13","date_gmt":"2022-04-07T07:40:13","guid":{"rendered":"https:\/\/proclimate.com.tr\/?page_id=156"},"modified":"2026-01-14T01:26:47","modified_gmt":"2026-01-14T01:26:47","slug":"hizmetlerimiz","status":"publish","type":"page","link":"https:\/\/proclimate.com.tr\/index.php\/hizmetlerimiz\/","title":{"rendered":"H\u0130ZMETLER\u0130M\u0130Z"},"content":{"rendered":"\n\n\n\n","protected":false},"excerpt":{"rendered":"","protected":false},"author":1,"featured_media":0,"parent":0,"menu_order":0,"comment_status":"closed","ping_status":"closed","template":"full-width","meta":{"saved_in_kubio":true,"footnotes":""},"class_list":["post-156","page","type-page","status-publish","hentry"],"kubio_ai_page_context":{"short_desc":"","purpose":"general"},"_links":{"self":[{"href":"https:\/\/proclimate.com.tr\/index.php\/wp-json\/wp\/v2\/pages\/156","targetHints":{"allow":["GET"]}}],"collection":[{"href":"https:\/\/proclimate.com.tr\/index.php\/wp-json\/wp\/v2\/pages"}],"about":[{"href":"https:\/\/proclimate.com.tr\/index.php\/wp-json\/wp\/v2\/types\/page"}],"author":[{"embeddable":true,"href":"https:\/\/proclimate.com.tr\/index.php\/wp-json\/wp\/v2\/users\/1"}],"replies":[{"embeddable":true,"href":"https:\/\/proclimate.com.tr\/index.php\/wp-json\/wp\/v2\/comments?post=156"}],"version-history":[{"count":7,"href":"https:\/\/proclimate.com.tr\/index.php\/wp-json\/wp\/v2\/pages\/156\/revisions"}],"predecessor-version":[{"id":265,"href":"https:\/\/proclimate.com.tr\/index.php\/wp-json\/wp\/v2\/pages\/156\/revisions\/265"}],"wp:attachment":[{"href":"https:\/\/proclimate.com.tr\/index.php\/wp-json\/wp\/v2\/media?parent=156"}],"curies":[{"name":"wp","href":"https:\/\/api.w.org\/{rel}","templated":true}]}}